{"id":6861,"date":"2021-01-24T18:14:46","date_gmt":"2021-01-24T17:14:46","guid":{"rendered":"https:\/\/www.ibizahealing.net\/imprint\/"},"modified":"2021-01-24T21:15:47","modified_gmt":"2021-01-24T20:15:47","slug":"imprint","status":"publish","type":"page","link":"https:\/\/www.ibizahealing.net\/en\/imprint\/","title":{"rendered":"Imprint"},"content":{"rendered":"<p>[et_pb_section fb_built=&#8221;1&#8243; _builder_version=&#8221;4.3.1&#8243; background_image=&#8221;https:\/\/www.ibizahealing.net\/wp-content\/uploads\/2020\/02\/gold_13-3l-e1581016453109.jpg&#8221; background_size=&#8221;contain&#8221; background_position=&#8221;top_center&#8221; background_repeat=&#8221;repeat-y&#8221; width=&#8221;100%&#8221; max_width=&#8221;100%&#8221; module_alignment=&#8221;center&#8221; background_last_edited=&#8221;on|desktop&#8221;][et_pb_row column_structure=&#8221;1_2,1_2&#8243; _builder_version=&#8221;4.3.1&#8243;][et_pb_column type=&#8221;1_2&#8243; _builder_version=&#8221;4.3.1&#8243;][et_pb_text _builder_version=&#8221;4.3.1&#8243;]<\/p>\n<h4>Angaben gem\u00e4\u00df \u00a7 5 TMG<\/h4>\n<p><strong>Dr. Martina Czolgoszewski<\/strong><br \/>Tier\u00e4rztin und Informationsmedizinerin<br \/>(DGH anerkannt)<\/p>\n<p>Calle San Vicente 16,2<br \/>07840 Sta. Eulalia del Rio<br \/>Ibiza, Balearen<\/p>\n<p>SPANIEN<\/p>\n<p>[\/et_pb_text][\/et_pb_column][et_pb_column type=&#8221;1_2&#8243; _builder_version=&#8221;4.3.1&#8243;][et_pb_text _builder_version=&#8221;4.3.1&#8243;]<\/p>\n<h4>Kontakt<\/h4>\n<p>[icon name=&#8221;phone&#8221; class=&#8221;&#8221; unprefixed_class=&#8221;&#8221;] <a href=\"tel:+34 678700190\">0034 678700190<\/a><br \/>[icon name=&#8221;envelope-o&#8221; class=&#8221;&#8221; unprefixed_class=&#8221;&#8221;] <a href=\"mailto:info@ibizahealing.net\">info@ibizahealing.net<\/a><\/p>\n<p><a href=\"https:\/\/www.ibizahealing.net\/?lang=en\">www.ibizahealing.net<\/a><\/p>\n<p><img loading=\"lazy\" decoding=\"async\" class=\"wp-image-6615 alignnone size-medium\" src=\"https:\/\/www.ibizahealing.net\/wp-content\/uploads\/2020\/02\/ibizahealing.net_-300x300.png\" alt=\"\" width=\"100\" height=\"100\" \/><\/p>\n<p>[\/et_pb_text][\/et_pb_column][\/et_pb_row][et_pb_row _builder_version=&#8221;4.3.1&#8243; custom_padding=&#8221;5px||||false|false&#8221;][et_pb_column type=&#8221;4_4&#8243; _builder_version=&#8221;4.3.1&#8243;][et_pb_divider divider_position=&#8221;center&#8221; _builder_version=&#8221;4.3.1&#8243; module_alignment=&#8221;center&#8221;][\/et_pb_divider][et_pb_text _builder_version=&#8221;4.8.1&#8243; custom_padding=&#8221;||15px||false|false&#8221; custom_padding_tablet=&#8221;&#8221; custom_padding_phone=&#8221;&#8221; custom_padding_last_edited=&#8221;on|desktop&#8221; hover_enabled=&#8221;0&#8243; sticky_enabled=&#8221;0&#8243;]<\/p>\n<h3>Umsetzung<\/h3>\n<p>Carmen Smida <\/br><a href=\"http:\/\/www.smida.de\" target=\"_blank\" rel=\"noopener noreferrer\">Made with<span style=\"color: #db9900;\"> [icon name=&#8221;heart&#8221; class=&#8221;&#8221; unprefixed_class=&#8221;&#8221;]<\/span> and good vibes<\/a><\/p>\n<p>[\/et_pb_text][et_pb_text _builder_version=&#8221;4.3.1&#8243;]<\/p>\n<h5>Streitschlichtung<\/h5>\n<p>Die Europ\u00e4ische Kommission stellt eine Plattform zur Online-Streitbeilegung (OS) bereit:\u00a0<a href=\"https:\/\/ec.europa.eu\/consumers\/odr\" target=\"_blank\" rel=\"noopener noreferrer\">https:\/\/ec.europa.eu\/consumers\/odr<\/a>.<br \/>Unsere E-Mail-Adresse finden Sie oben im Impressum.<\/p>\n<p>Wir sind nicht bereit oder verpflichtet, an Streitbeilegungsverfahren vor einer Verbraucherschlichtungsstelle teilzunehmen.<\/p>\n<h5>Haftung f\u00fcr Inhalte<\/h5>\n<p>Als Diensteanbieter sind wir gem\u00e4\u00df \u00a7 7 Abs.1 TMG f\u00fcr eigene Inhalte auf diesen Seiten nach den allgemeinen Gesetzen verantwortlich. Nach \u00a7\u00a7 8 bis 10 TMG sind wir als Diensteanbieter jedoch nicht verpflichtet, \u00fcbermittelte oder gespeicherte fremde Informationen zu \u00fcberwachen oder nach Umst\u00e4nden zu forschen, die auf eine rechtswidrige T\u00e4tigkeit hinweisen.<\/p>\n<p>Verpflichtungen zur Entfernung oder Sperrung der Nutzung von Informationen nach den allgemeinen Gesetzen bleiben hiervon unber\u00fchrt. Eine diesbez\u00fcgliche Haftung ist jedoch erst ab dem Zeitpunkt der Kenntnis einer konkreten Rechtsverletzung m\u00f6glich. Bei Bekanntwerden von entsprechenden Rechtsverletzungen werden wir diese Inhalte umgehend entfernen.<\/p>\n<h5>Haftung f\u00fcr Links<\/h5>\n<p>Unser Angebot enth\u00e4lt Links zu externen Websites Dritter, auf deren Inhalte wir keinen Einfluss haben. Deshalb k\u00f6nnen wir f\u00fcr diese fremden Inhalte auch keine Gew\u00e4hr \u00fcbernehmen. F\u00fcr die Inhalte der verlinkten Seiten ist stets der jeweilige Anbieter oder Betreiber der Seiten verantwortlich. Die verlinkten Seiten wurden zum Zeitpunkt der Verlinkung auf m\u00f6gliche Rechtsverst\u00f6\u00dfe \u00fcberpr\u00fcft. Rechtswidrige Inhalte waren zum Zeitpunkt der Verlinkung nicht erkennbar.<\/p>\n<p>Eine permanente inhaltliche Kontrolle der verlinkten Seiten ist jedoch ohne konkrete Anhaltspunkte einer Rechtsverletzung nicht zumutbar. Bei Bekanntwerden von Rechtsverletzungen werden wir derartige Links umgehend entfernen.<\/p>\n<h5>Urheberrecht<\/h5>\n<p>Die durch die Seitenbetreiber erstellten Inhalte und Werke auf diesen Seiten unterliegen dem deutschen Urheberrecht. Die Vervielf\u00e4ltigung, Bearbeitung, Verbreitung und jede Art der Verwertung au\u00dferhalb der Grenzen des Urheberrechtes bed\u00fcrfen der schriftlichen Zustimmung des jeweiligen Autors bzw. Erstellers. Downloads und Kopien dieser Seite sind nur f\u00fcr den privaten, nicht kommerziellen Gebrauch gestattet.<\/p>\n<p>Soweit die Inhalte auf dieser Seite nicht vom Betreiber erstellt wurden, werden die Urheberrechte Dritter beachtet. Insbesondere werden Inhalte Dritter als solche gekennzeichnet. Sollten Sie trotzdem auf eine Urheberrechtsverletzung aufmerksam werden, bitten wir um einen entsprechenden Hinweis. Bei Bekanntwerden von Rechtsverletzungen werden wir derartige Inhalte umgehend entfernen.<\/p>\n<p>[\/et_pb_text][et_pb_text _builder_version=&#8221;4.3.1&#8243;][\/et_pb_text][\/et_pb_column][\/et_pb_row][\/et_pb_section]<\/p>\n","protected":false},"excerpt":{"rendered":"<p>Angaben gem\u00e4\u00df \u00a7 5 TMG Dr. Martina CzolgoszewskiTier\u00e4rztin und Informationsmedizinerin(DGH anerkannt) Calle San Vicente 16,207840 Sta. Eulalia del RioIbiza, Balearen SPANIENKontakt [icon name=&#8221;phone&#8221; class=&#8221;&#8221; unprefixed_class=&#8221;&#8221;] 0034 678700190[icon name=&#8221;envelope-o&#8221; class=&#8221;&#8221; unprefixed_class=&#8221;&#8221;] info@ibizahealing.net www.ibizahealing.net Umsetzung Carmen Smida Made with [icon name=&#8221;heart&#8221; class=&#8221;&#8221; unprefixed_class=&#8221;&#8221;] and good vibesStreitschlichtung Die Europ\u00e4ische Kommission stellt eine Plattform zur Online-Streitbeilegung (OS) bereit:\u00a0https:\/\/ec.europa.eu\/consumers\/odr.Unsere E-Mail-Adresse [&hellip;]<\/p>\n","protected":false},"author":6,"featured_media":0,"parent":0,"menu_order":0,"comment_status":"closed","ping_status":"closed","template":"","meta":{"_et_pb_use_builder":"on","_et_pb_old_content":"","_et_gb_content_width":"","footnotes":""},"class_list":["post-6861","page","type-page","status-publish","hentry"],"yoast_head":"<!-- This site is optimized with the Yoast SEO plugin v26.8 - https:\/\/yoast.com\/product\/yoast-seo-wordpress\/ -->\n<title>Imprint ~ IBIZAHEALING Dr. Martina Czolgoszewski<\/title>\n<meta name=\"robots\" content=\"noindex, nofollow\" \/>\n<meta property=\"og:locale\" content=\"en_US\" \/>\n<meta property=\"og:type\" content=\"article\" \/>\n<meta property=\"og:title\" content=\"Imprint ~ IBIZAHEALING Dr. Martina Czolgoszewski\" \/>\n<meta property=\"og:description\" content=\"Angaben gem\u00e4\u00df \u00a7 5 TMG Dr. Martina CzolgoszewskiTier\u00e4rztin und Informationsmedizinerin(DGH anerkannt) Calle San Vicente 16,207840 Sta. Eulalia del RioIbiza, Balearen SPANIENKontakt [icon name=&quot;phone&quot; class=&quot;&quot; unprefixed_class=&quot;&quot;] 0034 678700190[icon name=&quot;envelope-o&quot; class=&quot;&quot; unprefixed_class=&quot;&quot;] info@ibizahealing.net www.ibizahealing.net Umsetzung Carmen Smida Made with [icon name=&quot;heart&quot; class=&quot;&quot; unprefixed_class=&quot;&quot;] and good vibesStreitschlichtung Die Europ\u00e4ische Kommission stellt eine Plattform zur Online-Streitbeilegung (OS) bereit:\u00a0https:\/\/ec.europa.eu\/consumers\/odr.Unsere E-Mail-Adresse [&hellip;]\" \/>\n<meta property=\"og:url\" content=\"https:\/\/www.ibizahealing.net\/en\/imprint\/\" \/>\n<meta property=\"og:site_name\" content=\"IBIZAHEALING Dr. Martina Czolgoszewski\" \/>\n<meta property=\"article:publisher\" content=\"https:\/\/www.facebook.com\/ibizahealing.net\/\" \/>\n<meta property=\"article:modified_time\" content=\"2021-01-24T20:15:47+00:00\" \/>\n<meta property=\"og:image\" content=\"https:\/\/www.ibizahealing.net\/wp-content\/uploads\/2020\/02\/ibizahealing.net_-300x300.png\" \/>\n<meta name=\"twitter:card\" content=\"summary_large_image\" \/>\n<meta name=\"twitter:label1\" content=\"Est. reading time\" \/>\n\t<meta name=\"twitter:data1\" content=\"3 minutes\" \/>\n<script type=\"application\/ld+json\" class=\"yoast-schema-graph\">{\"@context\":\"https:\/\/schema.org\",\"@graph\":[{\"@type\":\"WebPage\",\"@id\":\"https:\/\/www.ibizahealing.net\/en\/imprint\/\",\"url\":\"https:\/\/www.ibizahealing.net\/en\/imprint\/\",\"name\":\"Imprint ~ IBIZAHEALING Dr. Martina Czolgoszewski\",\"isPartOf\":{\"@id\":\"https:\/\/www.ibizahealing.net\/en\/#website\"},\"primaryImageOfPage\":{\"@id\":\"https:\/\/www.ibizahealing.net\/en\/imprint\/#primaryimage\"},\"image\":{\"@id\":\"https:\/\/www.ibizahealing.net\/en\/imprint\/#primaryimage\"},\"thumbnailUrl\":\"https:\/\/www.ibizahealing.net\/wp-content\/uploads\/2020\/02\/ibizahealing.net_-300x300.png\",\"datePublished\":\"2021-01-24T17:14:46+00:00\",\"dateModified\":\"2021-01-24T20:15:47+00:00\",\"breadcrumb\":{\"@id\":\"https:\/\/www.ibizahealing.net\/en\/imprint\/#breadcrumb\"},\"inLanguage\":\"en-US\",\"potentialAction\":[{\"@type\":\"ReadAction\",\"target\":[\"https:\/\/www.ibizahealing.net\/en\/imprint\/\"]}]},{\"@type\":\"ImageObject\",\"inLanguage\":\"en-US\",\"@id\":\"https:\/\/www.ibizahealing.net\/en\/imprint\/#primaryimage\",\"url\":\"https:\/\/www.ibizahealing.net\/wp-content\/uploads\/2020\/02\/ibizahealing.net_-300x300.png\",\"contentUrl\":\"https:\/\/www.ibizahealing.net\/wp-content\/uploads\/2020\/02\/ibizahealing.net_-300x300.png\"},{\"@type\":\"BreadcrumbList\",\"@id\":\"https:\/\/www.ibizahealing.net\/en\/imprint\/#breadcrumb\",\"itemListElement\":[{\"@type\":\"ListItem\",\"position\":1,\"name\":\"Startseite\",\"item\":\"https:\/\/www.ibizahealing.net\/en\/\"},{\"@type\":\"ListItem\",\"position\":2,\"name\":\"Imprint\"}]},{\"@type\":\"WebSite\",\"@id\":\"https:\/\/www.ibizahealing.net\/en\/#website\",\"url\":\"https:\/\/www.ibizahealing.net\/en\/\",\"name\":\"IBIZAHEALING Dr. Martina Czolgoszewski\",\"description\":\"Fernsitzungen und Behandlungen im Norden Ibizas\",\"publisher\":{\"@id\":\"https:\/\/www.ibizahealing.net\/en\/#organization\"},\"potentialAction\":[{\"@type\":\"SearchAction\",\"target\":{\"@type\":\"EntryPoint\",\"urlTemplate\":\"https:\/\/www.ibizahealing.net\/en\/?s={search_term_string}\"},\"query-input\":{\"@type\":\"PropertyValueSpecification\",\"valueRequired\":true,\"valueName\":\"search_term_string\"}}],\"inLanguage\":\"en-US\"},{\"@type\":\"Organization\",\"@id\":\"https:\/\/www.ibizahealing.net\/en\/#organization\",\"name\":\"Dr. Martina Czolgoszewski Tier\u00e4rztin und Informationsmedizinerin\",\"url\":\"https:\/\/www.ibizahealing.net\/en\/\",\"logo\":{\"@type\":\"ImageObject\",\"inLanguage\":\"en-US\",\"@id\":\"https:\/\/www.ibizahealing.net\/en\/#\/schema\/logo\/image\/\",\"url\":\"https:\/\/www.ibizahealing.net\/wp-content\/uploads\/2020\/02\/Dr.-Martina-Czolgoszeski-logo-2.png\",\"contentUrl\":\"https:\/\/www.ibizahealing.net\/wp-content\/uploads\/2020\/02\/Dr.-Martina-Czolgoszeski-logo-2.png\",\"width\":750,\"height\":84,\"caption\":\"Dr. Martina Czolgoszewski Tier\u00e4rztin und Informationsmedizinerin\"},\"image\":{\"@id\":\"https:\/\/www.ibizahealing.net\/en\/#\/schema\/logo\/image\/\"},\"sameAs\":[\"https:\/\/www.facebook.com\/ibizahealing.net\/\",\"https:\/\/www.instagram.com\/ibiza.healing\/\",\"https:\/\/www.youtube.com\/channel\/UCgb0b3k_zLJx9xLd0lIQVQw\"]}]}<\/script>\n<!-- \/ Yoast SEO plugin. -->","yoast_head_json":{"title":"Imprint ~ IBIZAHEALING Dr. Martina Czolgoszewski","robots":{"index":"noindex","follow":"nofollow"},"og_locale":"en_US","og_type":"article","og_title":"Imprint ~ IBIZAHEALING Dr. Martina Czolgoszewski","og_description":"Angaben gem\u00e4\u00df \u00a7 5 TMG Dr. Martina CzolgoszewskiTier\u00e4rztin und Informationsmedizinerin(DGH anerkannt) Calle San Vicente 16,207840 Sta. Eulalia del RioIbiza, Balearen SPANIENKontakt [icon name=\"phone\" class=\"\" unprefixed_class=\"\"] 0034 678700190[icon name=\"envelope-o\" class=\"\" unprefixed_class=\"\"] info@ibizahealing.net www.ibizahealing.net Umsetzung Carmen Smida Made with [icon name=\"heart\" class=\"\" unprefixed_class=\"\"] and good vibesStreitschlichtung Die Europ\u00e4ische Kommission stellt eine Plattform zur Online-Streitbeilegung (OS) bereit:\u00a0https:\/\/ec.europa.eu\/consumers\/odr.Unsere E-Mail-Adresse [&hellip;]","og_url":"https:\/\/www.ibizahealing.net\/en\/imprint\/","og_site_name":"IBIZAHEALING Dr. Martina Czolgoszewski","article_publisher":"https:\/\/www.facebook.com\/ibizahealing.net\/","article_modified_time":"2021-01-24T20:15:47+00:00","og_image":[{"url":"https:\/\/www.ibizahealing.net\/wp-content\/uploads\/2020\/02\/ibizahealing.net_-300x300.png","type":"","width":"","height":""}],"twitter_card":"summary_large_image","twitter_misc":{"Est. reading time":"3 minutes"},"schema":{"@context":"https:\/\/schema.org","@graph":[{"@type":"WebPage","@id":"https:\/\/www.ibizahealing.net\/en\/imprint\/","url":"https:\/\/www.ibizahealing.net\/en\/imprint\/","name":"Imprint ~ IBIZAHEALING Dr. Martina Czolgoszewski","isPartOf":{"@id":"https:\/\/www.ibizahealing.net\/en\/#website"},"primaryImageOfPage":{"@id":"https:\/\/www.ibizahealing.net\/en\/imprint\/#primaryimage"},"image":{"@id":"https:\/\/www.ibizahealing.net\/en\/imprint\/#primaryimage"},"thumbnailUrl":"https:\/\/www.ibizahealing.net\/wp-content\/uploads\/2020\/02\/ibizahealing.net_-300x300.png","datePublished":"2021-01-24T17:14:46+00:00","dateModified":"2021-01-24T20:15:47+00:00","breadcrumb":{"@id":"https:\/\/www.ibizahealing.net\/en\/imprint\/#breadcrumb"},"inLanguage":"en-US","potentialAction":[{"@type":"ReadAction","target":["https:\/\/www.ibizahealing.net\/en\/imprint\/"]}]},{"@type":"ImageObject","inLanguage":"en-US","@id":"https:\/\/www.ibizahealing.net\/en\/imprint\/#primaryimage","url":"https:\/\/www.ibizahealing.net\/wp-content\/uploads\/2020\/02\/ibizahealing.net_-300x300.png","contentUrl":"https:\/\/www.ibizahealing.net\/wp-content\/uploads\/2020\/02\/ibizahealing.net_-300x300.png"},{"@type":"BreadcrumbList","@id":"https:\/\/www.ibizahealing.net\/en\/imprint\/#breadcrumb","itemListElement":[{"@type":"ListItem","position":1,"name":"Startseite","item":"https:\/\/www.ibizahealing.net\/en\/"},{"@type":"ListItem","position":2,"name":"Imprint"}]},{"@type":"WebSite","@id":"https:\/\/www.ibizahealing.net\/en\/#website","url":"https:\/\/www.ibizahealing.net\/en\/","name":"IBIZAHEALING Dr. Martina Czolgoszewski","description":"Fernsitzungen und Behandlungen im Norden Ibizas","publisher":{"@id":"https:\/\/www.ibizahealing.net\/en\/#organization"},"potentialAction":[{"@type":"SearchAction","target":{"@type":"EntryPoint","urlTemplate":"https:\/\/www.ibizahealing.net\/en\/?s={search_term_string}"},"query-input":{"@type":"PropertyValueSpecification","valueRequired":true,"valueName":"search_term_string"}}],"inLanguage":"en-US"},{"@type":"Organization","@id":"https:\/\/www.ibizahealing.net\/en\/#organization","name":"Dr. Martina Czolgoszewski Tier\u00e4rztin und Informationsmedizinerin","url":"https:\/\/www.ibizahealing.net\/en\/","logo":{"@type":"ImageObject","inLanguage":"en-US","@id":"https:\/\/www.ibizahealing.net\/en\/#\/schema\/logo\/image\/","url":"https:\/\/www.ibizahealing.net\/wp-content\/uploads\/2020\/02\/Dr.-Martina-Czolgoszeski-logo-2.png","contentUrl":"https:\/\/www.ibizahealing.net\/wp-content\/uploads\/2020\/02\/Dr.-Martina-Czolgoszeski-logo-2.png","width":750,"height":84,"caption":"Dr. Martina Czolgoszewski Tier\u00e4rztin und Informationsmedizinerin"},"image":{"@id":"https:\/\/www.ibizahealing.net\/en\/#\/schema\/logo\/image\/"},"sameAs":["https:\/\/www.facebook.com\/ibizahealing.net\/","https:\/\/www.instagram.com\/ibiza.healing\/","https:\/\/www.youtube.com\/channel\/UCgb0b3k_zLJx9xLd0lIQVQw"]}]}},"_links":{"self":[{"href":"https:\/\/www.ibizahealing.net\/en\/wp-json\/wp\/v2\/pages\/6861","targetHints":{"allow":["GET"]}}],"collection":[{"href":"https:\/\/www.ibizahealing.net\/en\/wp-json\/wp\/v2\/pages"}],"about":[{"href":"https:\/\/www.ibizahealing.net\/en\/wp-json\/wp\/v2\/types\/page"}],"author":[{"embeddable":true,"href":"https:\/\/www.ibizahealing.net\/en\/wp-json\/wp\/v2\/users\/6"}],"replies":[{"embeddable":true,"href":"https:\/\/www.ibizahealing.net\/en\/wp-json\/wp\/v2\/comments?post=6861"}],"version-history":[{"count":0,"href":"https:\/\/www.ibizahealing.net\/en\/wp-json\/wp\/v2\/pages\/6861\/revisions"}],"wp:attachment":[{"href":"https:\/\/www.ibizahealing.net\/en\/wp-json\/wp\/v2\/media?parent=6861"}],"curies":[{"name":"wp","href":"https:\/\/api.w.org\/{rel}","templated":true}]}}