{"id":6864,"date":"2021-01-24T18:15:30","date_gmt":"2021-01-24T17:15:30","guid":{"rendered":"https:\/\/www.ibizahealing.net\/right-of-withdrawal\/"},"modified":"2021-01-24T18:15:30","modified_gmt":"2021-01-24T17:15:30","slug":"right-of-withdrawal","status":"publish","type":"page","link":"https:\/\/www.ibizahealing.net\/en\/right-of-withdrawal\/","title":{"rendered":"Right of withdrawal"},"content":{"rendered":"<p>[et_pb_section fb_built=&#8221;1&#8243; _builder_version=&#8221;4.3.3&#8243; background_image=&#8221;https:\/\/www.ibizahealing.net\/wp-content\/uploads\/2020\/02\/gold_13-3l-e1581016453109.jpg&#8221; parallax=&#8221;on&#8221; parallax_method=&#8221;off&#8221; width=&#8221;100%&#8221; max_width=&#8221;100%&#8221; module_alignment=&#8221;center&#8221; background_last_edited=&#8221;on|desktop&#8221;][et_pb_row _builder_version=&#8221;4.3.3&#8243; custom_margin=&#8221;30px||||false|false&#8221; custom_padding=&#8221;||0px||false|false&#8221;][et_pb_column type=&#8221;4_4&#8243; _builder_version=&#8221;4.3.3&#8243;][et_pb_text _builder_version=&#8221;4.3.3&#8243;]<\/p>\n<h3 style=\"text-align: center;\">Widerrufsbelehrung<\/h3>\n<p>[\/et_pb_text][\/et_pb_column][\/et_pb_row][et_pb_row column_structure=&#8221;2_3,1_3&#8243; _builder_version=&#8221;4.3.3&#8243; custom_margin=&#8221;0px||||false|false&#8221; custom_padding=&#8221;15px||||false|false&#8221;][et_pb_column type=&#8221;2_3&#8243; _builder_version=&#8221;4.3.1&#8243;][et_pb_text _builder_version=&#8221;4.3.4&#8243; header_3_font=&#8221;all you could do||||||||&#8221; header_4_font=&#8221;montserrat light||||||||&#8221; header_5_font=&#8221;montserrat light||||||||&#8221; custom_margin=&#8221;0px||||false|false&#8221; custom_padding=&#8221;0px||||false|false&#8221; hover_enabled=&#8221;0&#8243;]<\/p>\n<p>Als Verbraucher\u00a0haben Sie das Recht, binnen vierzehn Tagen ohne Angabe von Gr\u00fcnden diesen Vertrag zu widerrufen.\u00a0Die Widerrufsfrist betr\u00e4gt vierzehn Tage ab dem Tag des Vertragsabschlusses.\u00a0Um Ihr Widerrufsrecht auszu\u00fcben, m\u00fcssen Sie uns<\/p>\n<p><strong>Martina Czolgoszewski<\/strong><br \/>Calle San Vicente 16,2,\u00a007840 Sta. Eulalia del Rio<br \/>Ibiza, Balearen\u00a0SPANIEN, info@ibizahealing.net<\/p>\n<p>mittels einer eindeutigen Erkl\u00e4rung (z.B. ein mit der Post versandter Brief, Telefax oder E-Mail) \u00fcber Ihren Entschluss, diesen Vertrag zu widerrufen, informieren. Sie k\u00f6nnen daf\u00fcr das beigef\u00fcgte Muster-Widerrufsformular verwenden, das jedoch nicht vorgeschrieben ist.<\/p>\n<p>Zur Wahrung der Widerrufsfrist reicht es aus, dass Sie die Mitteilung \u00fcber die Aus\u00fcbung des Widerrufsrechts vor Ablauf der Widerrufsfrist absenden.<\/p>\n<h5>Folgen des Widerrufs<\/h5>\n<p>Wenn Sie diesen Vertrag widerrufen, haben wir Ihnen alle Zahlungen, die wir von Ihnen erhalten haben, einschlie\u00dflich der Lieferkosten (mit Ausnahme der zus\u00e4tzlichen Kosten, die sich daraus ergeben, dass Sie eine andere Art der Lieferung als die von uns angebotene, g\u00fcnstigste Standardlieferung gew\u00e4hlt haben), unverz\u00fcglich und sp\u00e4testens binnen vierzehn Tagen ab dem Tag zur\u00fcckzuzahlen, an dem die Mitteilung \u00fcber Ihren Widerruf dieses Vertrags bei uns eingegangen ist. F\u00fcr diese R\u00fcckzahlung verwenden wir dasselbe Zahlungsmittel, das Sie bei der urspr\u00fcnglichen Transaktion eingesetzt haben, es sei denn, mit Ihnen wurde ausdr\u00fccklich etwas anderes vereinbart; in keinem Fall werden Ihnen wegen dieser R\u00fcckzahlung Entgelte berechnet.<\/p>\n<p>Haben Sie verlangt, dass die Dienstleistung w\u00e4hrend der Widerrufsfrist beginnt, so haben Sie uns einen angemessenen Betrag zu zahlen, der dem Anteil der bis zu dem Zeitpunkt, zu dem Sie uns von der Aus\u00fcbung des Widerrufsrechts hinsichtlich dieses Vertrags unterrichten, bereits erbrachten Dienstleistungen im Vergleich zum Gesamtumfang der im Vertrag vorgesehenen Dienstleistungen entspricht.<\/p>\n<p>Ihr Widerrufsrecht erlischt vorzeitig, wenn wir die Dienstleistung vollst\u00e4ndig erbracht und mit der Ausf\u00fchrung der Dienstleistung erst begonnen haben, nachdem Sie als Verbraucher dazu Ihre ausdr\u00fcckliche Zustimmung gegeben und gleichzeitig Ihre Kenntnis davon best\u00e4tigt haben, dass Sie Ihr Widerrufsrecht bei vollst\u00e4ndiger Vertragserf\u00fcllung durch uns verlieren.<\/p>\n<h4>Muster-Widerrufsformular<\/h4>\n<p>(Wenn Sie den Vertrag widerrufen wollen, dann f\u00fcllen Sie bitte dieses Formular aus und senden Sie es zur\u00fcck.)<\/p>\n<ul>\n<li>An:<br \/>Martina Czolgoszewski<br \/>Calle San Vicente 16,2,\u00a007840 Sta. Eulalia del Rio<br \/>Ibiza, Balearen\u00a0SPANIEN,\u00a0info@ibizahealing.net<\/li>\n<\/ul>\n<p>Hiermit widerrufe(n) ich\/wir (*) den von mir\/uns (*) abgeschlossenen Vertrag \u00fcber die Erbringung der folgenden Dienstleistung _______________<\/p>\n<ul>\n<li>Bestellt am (*)\/erhalten am (*)<\/li>\n<li>Name des\/der Verbraucher(s)<\/li>\n<li>Anschrift des\/der Verbraucher(s)<\/li>\n<li>Unterschrift des\/der Verbraucher(s) (nur bei Mitteilung auf Papier)<\/li>\n<li>Datum<\/li>\n<\/ul>\n<p>_______________<\/p>\n<p>(*) Unzutreffendes streichen.<\/p>\n<p>[\/et_pb_text][\/et_pb_column][et_pb_column type=&#8221;1_3&#8243; _builder_version=&#8221;4.3.1&#8243;][et_pb_text _builder_version=&#8221;4.3.3&#8243; header_4_font=&#8221;montserrat light||||||||&#8221;]<\/p>\n<p><strong>Dr. Martina Czolgoszewski<\/strong><br \/>Tier\u00e4rztin und Heilerin\u00a0<br \/>[icon name=&#8221;phone&#8221; class=&#8221;&#8221; unprefixed_class=&#8221;&#8221;] <a href=\"tel:+34 678700190\">0034 678700190<\/a><br \/>[icon name=&#8221;envelope-o&#8221; class=&#8221;&#8221; unprefixed_class=&#8221;&#8221;] <a href=\"mailto:info@ibizahealing.net\">info@ibizahealing.net<\/a><\/p>\n<p>[\/et_pb_text][\/et_pb_column][\/et_pb_row][\/et_pb_section]<\/p>\n","protected":false},"excerpt":{"rendered":"<p>WiderrufsbelehrungAls Verbraucher\u00a0haben Sie das Recht, binnen vierzehn Tagen ohne Angabe von Gr\u00fcnden diesen Vertrag zu widerrufen.\u00a0Die Widerrufsfrist betr\u00e4gt vierzehn Tage ab dem Tag des Vertragsabschlusses.\u00a0Um Ihr Widerrufsrecht auszu\u00fcben, m\u00fcssen Sie uns Martina CzolgoszewskiCalle San Vicente 16,2,\u00a007840 Sta. Eulalia del RioIbiza, Balearen\u00a0SPANIEN, info@ibizahealing.net mittels einer eindeutigen Erkl\u00e4rung (z.B. ein mit der Post versandter Brief, Telefax oder [&hellip;]<\/p>\n","protected":false},"author":6,"featured_media":0,"parent":0,"menu_order":0,"comment_status":"closed","ping_status":"closed","template":"","meta":{"_et_pb_use_builder":"on","_et_pb_old_content":"","_et_gb_content_width":"","footnotes":""},"class_list":["post-6864","page","type-page","status-publish","hentry"],"yoast_head":"<!-- This site is optimized with the Yoast SEO plugin v26.8 - https:\/\/yoast.com\/product\/yoast-seo-wordpress\/ -->\n<title>Right of withdrawal ~ IBIZAHEALING Dr. Martina Czolgoszewski<\/title>\n<meta name=\"robots\" content=\"noindex, nofollow\" \/>\n<meta property=\"og:locale\" content=\"en_US\" \/>\n<meta property=\"og:type\" content=\"article\" \/>\n<meta property=\"og:title\" content=\"Right of withdrawal ~ IBIZAHEALING Dr. Martina Czolgoszewski\" \/>\n<meta property=\"og:description\" content=\"WiderrufsbelehrungAls Verbraucher\u00a0haben Sie das Recht, binnen vierzehn Tagen ohne Angabe von Gr\u00fcnden diesen Vertrag zu widerrufen.\u00a0Die Widerrufsfrist betr\u00e4gt vierzehn Tage ab dem Tag des Vertragsabschlusses.\u00a0Um Ihr Widerrufsrecht auszu\u00fcben, m\u00fcssen Sie uns Martina CzolgoszewskiCalle San Vicente 16,2,\u00a007840 Sta. Eulalia del RioIbiza, Balearen\u00a0SPANIEN, info@ibizahealing.net mittels einer eindeutigen Erkl\u00e4rung (z.B. ein mit der Post versandter Brief, Telefax oder [&hellip;]\" \/>\n<meta property=\"og:url\" content=\"https:\/\/www.ibizahealing.net\/en\/right-of-withdrawal\/\" \/>\n<meta property=\"og:site_name\" content=\"IBIZAHEALING Dr. Martina Czolgoszewski\" \/>\n<meta property=\"article:publisher\" content=\"https:\/\/www.facebook.com\/ibizahealing.net\/\" \/>\n<meta name=\"twitter:card\" content=\"summary_large_image\" \/>\n<meta name=\"twitter:label1\" content=\"Est. reading time\" \/>\n\t<meta name=\"twitter:data1\" content=\"3 minutes\" \/>\n<script type=\"application\/ld+json\" class=\"yoast-schema-graph\">{\"@context\":\"https:\/\/schema.org\",\"@graph\":[{\"@type\":\"WebPage\",\"@id\":\"https:\/\/www.ibizahealing.net\/en\/right-of-withdrawal\/\",\"url\":\"https:\/\/www.ibizahealing.net\/en\/right-of-withdrawal\/\",\"name\":\"Right of withdrawal ~ IBIZAHEALING Dr. Martina Czolgoszewski\",\"isPartOf\":{\"@id\":\"https:\/\/www.ibizahealing.net\/en\/#website\"},\"datePublished\":\"2021-01-24T17:15:30+00:00\",\"breadcrumb\":{\"@id\":\"https:\/\/www.ibizahealing.net\/en\/right-of-withdrawal\/#breadcrumb\"},\"inLanguage\":\"en-US\",\"potentialAction\":[{\"@type\":\"ReadAction\",\"target\":[\"https:\/\/www.ibizahealing.net\/en\/right-of-withdrawal\/\"]}]},{\"@type\":\"BreadcrumbList\",\"@id\":\"https:\/\/www.ibizahealing.net\/en\/right-of-withdrawal\/#breadcrumb\",\"itemListElement\":[{\"@type\":\"ListItem\",\"position\":1,\"name\":\"Startseite\",\"item\":\"https:\/\/www.ibizahealing.net\/en\/\"},{\"@type\":\"ListItem\",\"position\":2,\"name\":\"Right of withdrawal\"}]},{\"@type\":\"WebSite\",\"@id\":\"https:\/\/www.ibizahealing.net\/en\/#website\",\"url\":\"https:\/\/www.ibizahealing.net\/en\/\",\"name\":\"IBIZAHEALING Dr. Martina Czolgoszewski\",\"description\":\"Fernsitzungen und Behandlungen im Norden Ibizas\",\"publisher\":{\"@id\":\"https:\/\/www.ibizahealing.net\/en\/#organization\"},\"potentialAction\":[{\"@type\":\"SearchAction\",\"target\":{\"@type\":\"EntryPoint\",\"urlTemplate\":\"https:\/\/www.ibizahealing.net\/en\/?s={search_term_string}\"},\"query-input\":{\"@type\":\"PropertyValueSpecification\",\"valueRequired\":true,\"valueName\":\"search_term_string\"}}],\"inLanguage\":\"en-US\"},{\"@type\":\"Organization\",\"@id\":\"https:\/\/www.ibizahealing.net\/en\/#organization\",\"name\":\"Dr. Martina Czolgoszewski Tier\u00e4rztin und Informationsmedizinerin\",\"url\":\"https:\/\/www.ibizahealing.net\/en\/\",\"logo\":{\"@type\":\"ImageObject\",\"inLanguage\":\"en-US\",\"@id\":\"https:\/\/www.ibizahealing.net\/en\/#\/schema\/logo\/image\/\",\"url\":\"https:\/\/www.ibizahealing.net\/wp-content\/uploads\/2020\/02\/Dr.-Martina-Czolgoszeski-logo-2.png\",\"contentUrl\":\"https:\/\/www.ibizahealing.net\/wp-content\/uploads\/2020\/02\/Dr.-Martina-Czolgoszeski-logo-2.png\",\"width\":750,\"height\":84,\"caption\":\"Dr. Martina Czolgoszewski Tier\u00e4rztin und Informationsmedizinerin\"},\"image\":{\"@id\":\"https:\/\/www.ibizahealing.net\/en\/#\/schema\/logo\/image\/\"},\"sameAs\":[\"https:\/\/www.facebook.com\/ibizahealing.net\/\",\"https:\/\/www.instagram.com\/ibiza.healing\/\",\"https:\/\/www.youtube.com\/channel\/UCgb0b3k_zLJx9xLd0lIQVQw\"]}]}<\/script>\n<!-- \/ Yoast SEO plugin. -->","yoast_head_json":{"title":"Right of withdrawal ~ IBIZAHEALING Dr. Martina Czolgoszewski","robots":{"index":"noindex","follow":"nofollow"},"og_locale":"en_US","og_type":"article","og_title":"Right of withdrawal ~ IBIZAHEALING Dr. Martina Czolgoszewski","og_description":"WiderrufsbelehrungAls Verbraucher\u00a0haben Sie das Recht, binnen vierzehn Tagen ohne Angabe von Gr\u00fcnden diesen Vertrag zu widerrufen.\u00a0Die Widerrufsfrist betr\u00e4gt vierzehn Tage ab dem Tag des Vertragsabschlusses.\u00a0Um Ihr Widerrufsrecht auszu\u00fcben, m\u00fcssen Sie uns Martina CzolgoszewskiCalle San Vicente 16,2,\u00a007840 Sta. Eulalia del RioIbiza, Balearen\u00a0SPANIEN, info@ibizahealing.net mittels einer eindeutigen Erkl\u00e4rung (z.B. ein mit der Post versandter Brief, Telefax oder [&hellip;]","og_url":"https:\/\/www.ibizahealing.net\/en\/right-of-withdrawal\/","og_site_name":"IBIZAHEALING Dr. Martina Czolgoszewski","article_publisher":"https:\/\/www.facebook.com\/ibizahealing.net\/","twitter_card":"summary_large_image","twitter_misc":{"Est. reading time":"3 minutes"},"schema":{"@context":"https:\/\/schema.org","@graph":[{"@type":"WebPage","@id":"https:\/\/www.ibizahealing.net\/en\/right-of-withdrawal\/","url":"https:\/\/www.ibizahealing.net\/en\/right-of-withdrawal\/","name":"Right of withdrawal ~ IBIZAHEALING Dr. Martina Czolgoszewski","isPartOf":{"@id":"https:\/\/www.ibizahealing.net\/en\/#website"},"datePublished":"2021-01-24T17:15:30+00:00","breadcrumb":{"@id":"https:\/\/www.ibizahealing.net\/en\/right-of-withdrawal\/#breadcrumb"},"inLanguage":"en-US","potentialAction":[{"@type":"ReadAction","target":["https:\/\/www.ibizahealing.net\/en\/right-of-withdrawal\/"]}]},{"@type":"BreadcrumbList","@id":"https:\/\/www.ibizahealing.net\/en\/right-of-withdrawal\/#breadcrumb","itemListElement":[{"@type":"ListItem","position":1,"name":"Startseite","item":"https:\/\/www.ibizahealing.net\/en\/"},{"@type":"ListItem","position":2,"name":"Right of withdrawal"}]},{"@type":"WebSite","@id":"https:\/\/www.ibizahealing.net\/en\/#website","url":"https:\/\/www.ibizahealing.net\/en\/","name":"IBIZAHEALING Dr. Martina Czolgoszewski","description":"Fernsitzungen und Behandlungen im Norden Ibizas","publisher":{"@id":"https:\/\/www.ibizahealing.net\/en\/#organization"},"potentialAction":[{"@type":"SearchAction","target":{"@type":"EntryPoint","urlTemplate":"https:\/\/www.ibizahealing.net\/en\/?s={search_term_string}"},"query-input":{"@type":"PropertyValueSpecification","valueRequired":true,"valueName":"search_term_string"}}],"inLanguage":"en-US"},{"@type":"Organization","@id":"https:\/\/www.ibizahealing.net\/en\/#organization","name":"Dr. Martina Czolgoszewski Tier\u00e4rztin und Informationsmedizinerin","url":"https:\/\/www.ibizahealing.net\/en\/","logo":{"@type":"ImageObject","inLanguage":"en-US","@id":"https:\/\/www.ibizahealing.net\/en\/#\/schema\/logo\/image\/","url":"https:\/\/www.ibizahealing.net\/wp-content\/uploads\/2020\/02\/Dr.-Martina-Czolgoszeski-logo-2.png","contentUrl":"https:\/\/www.ibizahealing.net\/wp-content\/uploads\/2020\/02\/Dr.-Martina-Czolgoszeski-logo-2.png","width":750,"height":84,"caption":"Dr. Martina Czolgoszewski Tier\u00e4rztin und Informationsmedizinerin"},"image":{"@id":"https:\/\/www.ibizahealing.net\/en\/#\/schema\/logo\/image\/"},"sameAs":["https:\/\/www.facebook.com\/ibizahealing.net\/","https:\/\/www.instagram.com\/ibiza.healing\/","https:\/\/www.youtube.com\/channel\/UCgb0b3k_zLJx9xLd0lIQVQw"]}]}},"_links":{"self":[{"href":"https:\/\/www.ibizahealing.net\/en\/wp-json\/wp\/v2\/pages\/6864","targetHints":{"allow":["GET"]}}],"collection":[{"href":"https:\/\/www.ibizahealing.net\/en\/wp-json\/wp\/v2\/pages"}],"about":[{"href":"https:\/\/www.ibizahealing.net\/en\/wp-json\/wp\/v2\/types\/page"}],"author":[{"embeddable":true,"href":"https:\/\/www.ibizahealing.net\/en\/wp-json\/wp\/v2\/users\/6"}],"replies":[{"embeddable":true,"href":"https:\/\/www.ibizahealing.net\/en\/wp-json\/wp\/v2\/comments?post=6864"}],"version-history":[{"count":0,"href":"https:\/\/www.ibizahealing.net\/en\/wp-json\/wp\/v2\/pages\/6864\/revisions"}],"wp:attachment":[{"href":"https:\/\/www.ibizahealing.net\/en\/wp-json\/wp\/v2\/media?parent=6864"}],"curies":[{"name":"wp","href":"https:\/\/api.w.org\/{rel}","templated":true}]}}